{"id":389,"date":"2021-01-14T15:28:11","date_gmt":"2021-01-14T15:28:11","guid":{"rendered":"http:\/\/el66-gin.com\/?page_id=389"},"modified":"2021-01-16T15:56:59","modified_gmt":"2021-01-16T15:56:59","slug":"agbs","status":"publish","type":"page","link":"https:\/\/el66-gin.com\/en\/agbs\/","title":{"rendered":"AGB`s"},"content":{"rendered":"<div class=\"container section-title-container\" ><h1 class=\"section-title section-title-center\"><b><\/b><span class=\"section-title-main\" >Allgemeine Gesch\u00e4ftsbedingungen<\/span><b><\/b><\/h1><\/div>\n<h2><span style=\"font-size: 80%;\">1. Geltungsbereich<\/span><\/h2>\n<p>F\u00fcr alle Bestellungen \u00fcber unseren Online-Shop von el66-Gin an Verbraucher und Unternehmer gelten die nachfolgenden Allgemeinen Gesch\u00e4ftsbedingungen (AGB).<br \/>Verbraucher ist jede nat\u00fcrliche Person, die ein Rechtsgesch\u00e4ft zu einem Zwecke abschlie\u00dft, der \u00fcberwiegend weder ihrer gewerblichen noch ihrer selbstst\u00e4ndigen beruflichen T\u00e4tigkeit zugerechnet werden kann. Unternehmer ist eine nat\u00fcrliche oder juristische Person oder eine rechtsf\u00e4hige Personengesellschaft, die bei Abschluss eines Rechtsgesch\u00e4fts in Aus\u00fcbung ihrer gewerblichen oder selbst\u00e4ndigen beruflichen T\u00e4tigkeit handelt.<\/p>\n<p>Gegen\u00fcber Unternehmern gelten diese AGB auch f\u00fcr k\u00fcnftige Gesch\u00e4ftsbeziehungen, ohne dass wir nochmals auf sie hinweisen m\u00fcssten. Verwendet der Unternehmer entgegenstehende oder erg\u00e4nzende Allgemeine Gesch\u00e4ftsbedingungen, wird deren Geltung hiermit widersprochen; sie werden nur dann Vertragsbestandteil, wenn wir dem ausdr\u00fccklich zugestimmt haben.<\/p>\n<h2><span style=\"font-size: 80%;\">2. Vertragspartner<br \/><\/span><\/h2>\n<p>Der Kaufvertrag kommt zustande mit el66-Gin, Inhaber: Dimitrios Katerinis, Freiligrathstra\u00dfe 21, 64319 Pfungstadt.<\/p>\n<h2><span style=\"font-size: 80%;\">3. Vertragsschluss<\/span><\/h2>\n<p>Die Darstellung der Produkte im Online-Shop stellt kein rechtlich bindendes Angebot, sondern nur eine Aufforderung zur Bestellung dar.<\/p>\n<p>Durch Anklicken des Buttons [Kaufen\/kostenpflichtig bestellen] geben Sie eine verbindliche Bestellung der auf der Bestellseite aufgelisteten Waren ab. Ihr Kaufvertrag kommt zustande, wenn wir Ihre Bestellung durch eine Auftragsbest\u00e4tigung per E-Mail unmittelbar nach dem Erhalt Ihrer Bestellung annehmen.<\/p>\n<h2><span style=\"font-size: 80%;\">Widerrufsbelehrung\u00b9<\/span><\/h2>\n<h2><span style=\"font-size: 80%;\">Right of revocation<\/span><\/h2>\n<p><strong>Sie haben das Recht, binnen vierzehn Tagen ohne Angabe von Gr\u00fcnden diesen Vertrag zu widerrufen.<\/strong><\/p>\n<p><strong>Die Widerrufsfrist betr\u00e4gt vierzehn Tage ab dem Tag an dem Sie oder ein von Ihnen benannter Dritter, der nicht der Bef\u00f6rderer ist, die Waren in Besitz genommen haben bzw. hat.<\/strong><\/p>\n<p><strong>Um Ihr Widerrufsrecht auszu\u00fcben, m\u00fcssen Sie uns (el66-gin, Inhaber: Dimitrios Katerinis, Freiligrathstra\u00dfe 21, 64319 Pfungstadt, +491704233813, info@el66-gin.com) mittels einer eindeutigen Erkl\u00e4rung (zB ein mit der Post versandter Brief, Telefax oder E-Mail) \u00fcber Ihren Entschluss, diesen Vertrag zu widerrufen, informieren. Sie k\u00f6nnen daf\u00fcr das beigef\u00fcgte Muster-Widerrufsformular verwenden, das jedoch nicht vorgeschrieben ist. Sie k\u00f6nnen das Muster- Widerrufsformular oder eine andere eindeutige Erkl\u00e4rung auch auf unserer Webseite (www.el66-gin.de) elektronisch ausf\u00fcllen und \u00fcbermitteln. Machen Sie von dieser M\u00f6glichkeit Gebrauch, so werden wir Ihnen unverz\u00fcglich (zB per E-Mail) eine Best\u00e4tigung \u00fcber den Eingang eines solchen Widerrufs \u00fcbermitteln.<\/strong><\/p>\n<p><strong>Zur Wahrung der Widerrufsfrist reicht es aus, dass Sie die Mitteilung \u00fcber die Aus\u00fcbung des Widerrufsrechts vor Ablauf der Widerrufsfrist absenden.<\/strong><\/p>\n<p><strong>Folgen des Widerrufs<\/strong><\/p>\n<p><strong>Wenn Sie diesen Vertrag widerrufen, haben wir Ihnen alle Zahlungen, die wir von Ihnen erhalten haben, einschlie\u00dflich der Lieferkosten (mit Ausnahme der zus\u00e4tzlichen Kosten, die sich daraus ergeben, dass Sie eine andere Art der Lieferung als die von uns angebotene, g\u00fcnstigste Standardlieferung gew\u00e4hlt haben), unverz\u00fcglich und sp\u00e4testens binnen vierzehn Tagen ab dem Tag zur\u00fcckzuzahlen, an dem die Mitteilung \u00fcber Ihren Widerruf dieses Vertrags bei uns eingegangen ist. F\u00fcr diese R\u00fcckzahlung verwenden wir dasselbe Zahlungsmittel, das Sie bei der urspr\u00fcnglichen Transaktion eingesetzt haben, es sei denn, mit Ihnen wurde ausdr\u00fccklich etwas anderes vereinbart; in keinem Fall werden Ihnen wegen dieser R\u00fcckzahlung Entgelte berechnet. Wir k\u00f6nnen die R\u00fcckzahlung verweigern, bis wir die Waren wieder zur\u00fcckerhalten haben oder bis Sie den Nachweis erbracht haben, dass Sie die Waren zur\u00fcckgesandt haben, je nachdem, welches der fr\u00fchere Zeitpunkt ist.<\/strong><\/p>\n<p><strong>Sie haben die Waren unverz\u00fcglich und in jedem Fall sp\u00e4testens binnen vierzehn Tagen ab dem Tag, an dem Sie uns \u00fcber den Widerruf dieses Vertrages unterrichten, an uns zur\u00fcckzusenden oder zu \u00fcbergeben. Die Frist ist gewahrt, wenn Sie die Waren vor Ablauf der Frist von vierzehn Tagen absenden.<\/strong><\/p>\n<p><strong>Sie tragen die unmittelbaren Kosten der R\u00fccksendung der Waren.<\/strong><\/p>\n<p><strong>Sie m\u00fcssen f\u00fcr einen etwaigen Wertverlust der Waren nur aufkommen, wenn dieser Wertverlust auf einen zur Pr\u00fcfung der Beschaffenheit, Eigenschaften und Funktionsweise der Waren nicht notwendigen Umgang mit ihnen zur\u00fcckzuf\u00fchren ist.<\/strong><\/p>\n<p><strong>&#8211; Ende der Widerrufsbelehrung &#8211;<\/strong><\/p>\n<p>(\u00b9 Diese Widerrufsbelehrung gilt nicht f\u00fcr die getrennte Lieferung von Waren.)<\/p>\n<h2><span style=\"font-size: 80%;\">4. Preise und Versandkosten<\/span><\/h2>\n<p>Die auf den Produktseiten genannten Preise enthalten die gesetzliche Mehrwertsteuer und sonstige Preisbestandteile.<br \/>Zus\u00e4tzlich zu den angegebenen Preisen berechnen wir f\u00fcr die Lieferung innerhalb Deutschlands pauschal 4,50 Euro pro Bestellung. Die Versandkosten werden Ihnen auf den Produktseiten, im Warenkorbsystem und auf der Bestellseite nochmals deutlich mitgeteilt.<\/p>\n<h2><span style=\"font-size: 80%;\">5. Lieferung<\/span><\/h2>\n<p>Die Lieferzeit innerhalb Deutschlands betr\u00e4gt bis zu 7 Tage. Die Lieferzeit in andere L\u00e4nder innerhalb der EU kann bis zu 14 Tagen dauern. Auf eventuell abweichende Lieferzeiten weisen wir auf der jeweiligen Produktseite hin. Eine Selbstabholung der Ware ist m\u00f6glich.<\/p>\n<h2><span style=\"font-size: 80%;\">6. Zahlung<\/span><\/h2>\n<p>In unserem Online-Shop stehen Ihnen grunds\u00e4tzlich folgende Zahlungsarten zur Verf\u00fcgung:<\/p>\n<h3><span style=\"font-size: 80%;\">Vorkasse<\/span><\/h3>\n<h3><span style=\"font-size: 80%;\">PayPal<\/span><\/h3>\n<h3><span style=\"font-size: 80%;\">Sofort\u00fcberweisung<\/span><\/h3>\n<h2><span style=\"font-size: 80%;\">7. Eigentumsvorbehalt<\/span><\/h2>\n<p>Bis zur vollst\u00e4ndigen Zahlung bleibt die Ware unser Eigentum.<\/p>\n<h2><span style=\"font-size: 80%;\">8. Streitbeilegung<\/span><\/h2>\n<p>Die EU-Kommission hat eine Internetplattform zur Online-Beilegung von Streitigkeiten geschaffen. Die Plattform dient als Anlaufstelle zur au\u00dfergerichtlichen Beilegung von Streitigkeiten betreffend vertragliche Verpflichtungen, die aus Online-Kaufvertr\u00e4gen erwachsen. N\u00e4here Informationen sind unter dem folgenden Link verf\u00fcgbar: http:\/\/ec.europa.eu\/consumers\/odr. Wir sind zur Beilegung von Streitigkeiten mit Verbrauchern zur Teilnahme an einem Streitbeilegungsverfahren vor einer Verbraucherschlichtungsstelle bereit oder gem\u00e4\u00df XXX (Angabe der Rechtsnorm oder der vertraglichen Vereinbarung) verpflichtet. Die zust\u00e4ndige Verbraucherschlichtungsstelle ist: Universalschlichtungsstelle des Bundes Zentrum f\u00fcr Schlichtung e.V., Stra\u00dfburger Stra\u00dfe 8, 77694 Kehl am Rhein, www.verbraucher-schlichter.de. Zur Beilegung der genannten Streitigkeiten werden wir in einem Streitbeilegungsverfahren vor dieser Stelle teilnehmen.<\/p>","protected":false},"excerpt":{"rendered":"<p>1. Geltungsbereich F\u00fcr alle Bestellungen \u00fcber unseren Online-Shop von el66-Gin an Verbraucher und Unternehmer gelten die nachfolgenden Allgemeinen Gesch\u00e4ftsbedingungen (AGB).Verbraucher ist jede nat\u00fcrliche Person, die ein Rechtsgesch\u00e4ft zu einem Zwecke abschlie\u00dft, der \u00fcberwiegend weder ihrer gewerblichen noch ihrer selbstst\u00e4ndigen beruflichen T\u00e4tigkeit zugerechnet werden kann. Unternehmer ist eine nat\u00fcrliche oder juristische Person oder eine rechtsf\u00e4hige Personengesellschaft, [&#8230;]","protected":false},"author":1,"featured_media":0,"parent":0,"menu_order":0,"comment_status":"closed","ping_status":"closed","template":"","meta":{"footnotes":""},"class_list":["post-389","page","type-page","status-publish","hentry"],"yoast_head":"<!-- This site is optimized with the Yoast SEO plugin v20.0 - https:\/\/yoast.com\/wordpress\/plugins\/seo\/ -->\n<title>AGB`s - El66-Gin<\/title>\n<meta name=\"robots\" content=\"index, follow, max-snippet:-1, max-image-preview:large, max-video-preview:-1\" \/>\n<link rel=\"canonical\" href=\"https:\/\/el66-gin.com\/en\/agbs\/\" \/>\n<meta property=\"og:locale\" content=\"en_US\" \/>\n<meta property=\"og:type\" content=\"article\" \/>\n<meta property=\"og:title\" content=\"AGB`s - El66-Gin\" \/>\n<meta property=\"og:description\" content=\"1. Geltungsbereich F\u00fcr alle Bestellungen \u00fcber unseren Online-Shop von el66-Gin an Verbraucher und Unternehmer gelten die nachfolgenden Allgemeinen Gesch\u00e4ftsbedingungen (AGB).Verbraucher ist jede nat\u00fcrliche Person, die ein Rechtsgesch\u00e4ft zu einem Zwecke abschlie\u00dft, der \u00fcberwiegend weder ihrer gewerblichen noch ihrer selbstst\u00e4ndigen beruflichen T\u00e4tigkeit zugerechnet werden kann. Unternehmer ist eine nat\u00fcrliche oder juristische Person oder eine rechtsf\u00e4hige Personengesellschaft, [...]\" \/>\n<meta property=\"og:url\" content=\"https:\/\/el66-gin.com\/en\/agbs\/\" \/>\n<meta property=\"og:site_name\" content=\"El66-Gin\" \/>\n<meta property=\"article:modified_time\" content=\"2021-01-16T15:56:59+00:00\" \/>\n<meta name=\"twitter:card\" content=\"summary_large_image\" \/>\n<meta name=\"twitter:label1\" content=\"Est. reading time\" \/>\n\t<meta name=\"twitter:data1\" content=\"4 minutes\" \/>\n<script type=\"application\/ld+json\" class=\"yoast-schema-graph\">{\"@context\":\"https:\/\/schema.org\",\"@graph\":[{\"@type\":\"WebPage\",\"@id\":\"https:\/\/el66-gin.com\/agbs\/\",\"url\":\"https:\/\/el66-gin.com\/agbs\/\",\"name\":\"AGB`s - El66-Gin\",\"isPartOf\":{\"@id\":\"https:\/\/el66-gin.com\/#website\"},\"datePublished\":\"2021-01-14T15:28:11+00:00\",\"dateModified\":\"2021-01-16T15:56:59+00:00\",\"breadcrumb\":{\"@id\":\"https:\/\/el66-gin.com\/agbs\/#breadcrumb\"},\"inLanguage\":\"en-US\",\"potentialAction\":[{\"@type\":\"ReadAction\",\"target\":[\"https:\/\/el66-gin.com\/agbs\/\"]}]},{\"@type\":\"BreadcrumbList\",\"@id\":\"https:\/\/el66-gin.com\/agbs\/#breadcrumb\",\"itemListElement\":[{\"@type\":\"ListItem\",\"position\":1,\"name\":\"Startseite\",\"item\":\"https:\/\/el66-gin.com\/\"},{\"@type\":\"ListItem\",\"position\":2,\"name\":\"AGB`s\"}]},{\"@type\":\"WebSite\",\"@id\":\"https:\/\/el66-gin.com\/#website\",\"url\":\"https:\/\/el66-gin.com\/\",\"name\":\"El66-Gin\",\"description\":\"el66-Gin Mastix London Dry Gin\",\"publisher\":{\"@id\":\"https:\/\/el66-gin.com\/#organization\"},\"potentialAction\":[{\"@type\":\"SearchAction\",\"target\":{\"@type\":\"EntryPoint\",\"urlTemplate\":\"https:\/\/el66-gin.com\/?s={search_term_string}\"},\"query-input\":\"required name=search_term_string\"}],\"inLanguage\":\"en-US\"},{\"@type\":\"Organization\",\"@id\":\"https:\/\/el66-gin.com\/#organization\",\"name\":\"el66-gin\",\"url\":\"https:\/\/el66-gin.com\/\",\"logo\":{\"@type\":\"ImageObject\",\"inLanguage\":\"en-US\",\"@id\":\"https:\/\/el66-gin.com\/#\/schema\/logo\/image\/\",\"url\":\"https:\/\/el66-gin.com\/wp-content\/uploads\/2021\/01\/Logo_Age-e1610584954346.png\",\"contentUrl\":\"https:\/\/el66-gin.com\/wp-content\/uploads\/2021\/01\/Logo_Age-e1610584954346.png\",\"width\":200,\"height\":191,\"caption\":\"el66-gin\"},\"image\":{\"@id\":\"https:\/\/el66-gin.com\/#\/schema\/logo\/image\/\"}}]}<\/script>\n<!-- \/ Yoast SEO plugin. -->","yoast_head_json":{"title":"AGB`s - El66-Gin","robots":{"index":"index","follow":"follow","max-snippet":"max-snippet:-1","max-image-preview":"max-image-preview:large","max-video-preview":"max-video-preview:-1"},"canonical":"https:\/\/el66-gin.com\/en\/agbs\/","og_locale":"en_US","og_type":"article","og_title":"AGB`s - El66-Gin","og_description":"1. Geltungsbereich F\u00fcr alle Bestellungen \u00fcber unseren Online-Shop von el66-Gin an Verbraucher und Unternehmer gelten die nachfolgenden Allgemeinen Gesch\u00e4ftsbedingungen (AGB).Verbraucher ist jede nat\u00fcrliche Person, die ein Rechtsgesch\u00e4ft zu einem Zwecke abschlie\u00dft, der \u00fcberwiegend weder ihrer gewerblichen noch ihrer selbstst\u00e4ndigen beruflichen T\u00e4tigkeit zugerechnet werden kann. Unternehmer ist eine nat\u00fcrliche oder juristische Person oder eine rechtsf\u00e4hige Personengesellschaft, [...]","og_url":"https:\/\/el66-gin.com\/en\/agbs\/","og_site_name":"El66-Gin","article_modified_time":"2021-01-16T15:56:59+00:00","twitter_card":"summary_large_image","twitter_misc":{"Est. reading time":"4 minutes"},"schema":{"@context":"https:\/\/schema.org","@graph":[{"@type":"WebPage","@id":"https:\/\/el66-gin.com\/agbs\/","url":"https:\/\/el66-gin.com\/agbs\/","name":"AGB`s - El66-Gin","isPartOf":{"@id":"https:\/\/el66-gin.com\/#website"},"datePublished":"2021-01-14T15:28:11+00:00","dateModified":"2021-01-16T15:56:59+00:00","breadcrumb":{"@id":"https:\/\/el66-gin.com\/agbs\/#breadcrumb"},"inLanguage":"en-US","potentialAction":[{"@type":"ReadAction","target":["https:\/\/el66-gin.com\/agbs\/"]}]},{"@type":"BreadcrumbList","@id":"https:\/\/el66-gin.com\/agbs\/#breadcrumb","itemListElement":[{"@type":"ListItem","position":1,"name":"Startseite","item":"https:\/\/el66-gin.com\/"},{"@type":"ListItem","position":2,"name":"AGB`s"}]},{"@type":"WebSite","@id":"https:\/\/el66-gin.com\/#website","url":"https:\/\/el66-gin.com\/","name":"El66-Gin","description":"el66-Gin Mastix London Dry Gin","publisher":{"@id":"https:\/\/el66-gin.com\/#organization"},"potentialAction":[{"@type":"SearchAction","target":{"@type":"EntryPoint","urlTemplate":"https:\/\/el66-gin.com\/?s={search_term_string}"},"query-input":"required name=search_term_string"}],"inLanguage":"en-US"},{"@type":"Organization","@id":"https:\/\/el66-gin.com\/#organization","name":"el66-gin","url":"https:\/\/el66-gin.com\/","logo":{"@type":"ImageObject","inLanguage":"en-US","@id":"https:\/\/el66-gin.com\/#\/schema\/logo\/image\/","url":"https:\/\/el66-gin.com\/wp-content\/uploads\/2021\/01\/Logo_Age-e1610584954346.png","contentUrl":"https:\/\/el66-gin.com\/wp-content\/uploads\/2021\/01\/Logo_Age-e1610584954346.png","width":200,"height":191,"caption":"el66-gin"},"image":{"@id":"https:\/\/el66-gin.com\/#\/schema\/logo\/image\/"}}]}},"_links":{"self":[{"href":"https:\/\/el66-gin.com\/en\/wp-json\/wp\/v2\/pages\/389","targetHints":{"allow":["GET"]}}],"collection":[{"href":"https:\/\/el66-gin.com\/en\/wp-json\/wp\/v2\/pages"}],"about":[{"href":"https:\/\/el66-gin.com\/en\/wp-json\/wp\/v2\/types\/page"}],"author":[{"embeddable":true,"href":"https:\/\/el66-gin.com\/en\/wp-json\/wp\/v2\/users\/1"}],"replies":[{"embeddable":true,"href":"https:\/\/el66-gin.com\/en\/wp-json\/wp\/v2\/comments?post=389"}],"version-history":[{"count":8,"href":"https:\/\/el66-gin.com\/en\/wp-json\/wp\/v2\/pages\/389\/revisions"}],"predecessor-version":[{"id":522,"href":"https:\/\/el66-gin.com\/en\/wp-json\/wp\/v2\/pages\/389\/revisions\/522"}],"wp:attachment":[{"href":"https:\/\/el66-gin.com\/en\/wp-json\/wp\/v2\/media?parent=389"}],"curies":[{"name":"wp","href":"https:\/\/api.w.org\/{rel}","templated":true}]}}